{"id":3,"date":"2020-02-06T10:27:06","date_gmt":"2020-02-06T10:27:06","guid":{"rendered":"http:\/\/plaza-opera.ms.decms.eu\/?page_id=3"},"modified":"2020-02-11T10:46:28","modified_gmt":"2020-02-11T10:46:28","slug":"the-plaza-opera-hotel","status":"publish","type":"page","link":"https:\/\/plaza-opera.ms.decms.eu\/en\/","title":{"rendered":"The Plaza Op\u00e9ra Hotel"},"content":{"rendered":"<p>Located at the bottom of Rue de Maubeuge in Paris, near Notre-Dame-de-Lorette, our hotel is the perfect place to stay for a holiday or business trip in the capital. It is a perfect example of French architecture in Paris with warm and welcoming d\u00e9cor, offering a relaxed setting and a spacious, comfortable and well-equipped room: a soft bed, renovated bathroom, Wi-Fi, international TV channels. Do not hesitate to ask at reception for anything to help make your stay easier: restaurant bookings, room service, tickets for shows, airport shuttles.<\/p>\n<p>You can also relax in our cosy lounge where you will find a selection of games and books as well as a touch screen tablet. Once known as the &#8220;H\u00f4tel du Nord et d&#8217;Anvers&#8221;, then as &#8220;Hotel Op\u00e9ra Montmartre&#8221;, hotel Plaza Op\u00e9ra is a typical Haussmann-era building.<\/p>\n<p>It dates back to the works carried out during the Second Empire by Napoleon III and Prefect Haussmann. Haussmann&#8217;s ambition was to modernize the capital by building long boulevards, vast squares and parks. The beauty of hotel Plaza Op\u00e9ra&#8217;s fa\u00e7ade is mirrored by the interiors with a charming central staircase.<\/p>\n<p>The balconies from the second to the fifth floor and the attic rooms on the sixth give this address a truly Parisian look. From the outside, hotel Plaza Op\u00e9ra resembles the bow of a ship dominating Rue de Maubeuge, on its way to the Op\u00e9ra. Amateurs of vintage Paris will fall in love with our Versailles-style furniture and imposing Haussmann-era fa\u00e7ade.<\/p>\n","protected":false},"excerpt":{"rendered":"<p>Located at the bottom of Rue de Maubeuge in Paris, near Notre-Dame-de-Lorette, our hotel is [&hellip;]<\/p>\n","protected":false},"author":3,"featured_media":0,"parent":0,"menu_order":0,"comment_status":"closed","ping_status":"closed","template":"","meta":{"footnotes":""},"class_list":["post-3","page","type-page","status-publish","hentry"],"yoast_head":"<!-- This site is optimized with the Yoast SEO plugin v26.9 - https:\/\/yoast.com\/product\/yoast-seo-wordpress\/ -->\n<title>H\u00f4tel Plaza Op\u00e9ra *** | H\u00f4tel Paris Op\u00e9ra | SITE OFFICIEL<\/title>\n<meta name=\"robots\" content=\"index, follow, max-snippet:-1, max-image-preview:large, max-video-preview:-1\" \/>\n<link rel=\"canonical\" href=\"https:\/\/plaza-opera.ms.decms.eu\/en\/\" \/>\n<meta property=\"og:locale\" content=\"en_US\" \/>\n<meta property=\"og:type\" content=\"article\" \/>\n<meta property=\"og:title\" content=\"H\u00f4tel Plaza Op\u00e9ra *** | H\u00f4tel Paris Op\u00e9ra | SITE OFFICIEL\" \/>\n<meta property=\"og:description\" content=\"Located at the bottom of Rue de Maubeuge in Paris, near Notre-Dame-de-Lorette, our hotel is [&hellip;]\" \/>\n<meta property=\"og:url\" content=\"https:\/\/plaza-opera.ms.decms.eu\/en\/\" \/>\n<meta property=\"og:site_name\" content=\"Plaza Opera\" \/>\n<meta property=\"article:modified_time\" content=\"2020-02-11T10:46:28+00:00\" \/>\n<meta name=\"twitter:card\" content=\"summary_large_image\" \/>\n<meta name=\"twitter:label1\" content=\"Est. reading time\" \/>\n\t<meta name=\"twitter:data1\" content=\"1 minute\" \/>\n<script type=\"application\/ld+json\" class=\"yoast-schema-graph\">{\"@context\":\"https:\/\/schema.org\",\"@graph\":[{\"@type\":\"WebPage\",\"@id\":\"https:\/\/plaza-opera.ms.decms.eu\/en\/\",\"url\":\"https:\/\/plaza-opera.ms.decms.eu\/en\/\",\"name\":\"H\u00f4tel Plaza Op\u00e9ra *** | H\u00f4tel Paris Op\u00e9ra | SITE OFFICIEL\",\"isPartOf\":{\"@id\":\"https:\/\/plaza-opera.ms.decms.eu\/en\/#website\"},\"datePublished\":\"2020-02-06T10:27:06+00:00\",\"dateModified\":\"2020-02-11T10:46:28+00:00\",\"breadcrumb\":{\"@id\":\"https:\/\/plaza-opera.ms.decms.eu\/en\/#breadcrumb\"},\"inLanguage\":\"en-US\",\"potentialAction\":[{\"@type\":\"ReadAction\",\"target\":[\"https:\/\/plaza-opera.ms.decms.eu\/en\/\"]}]},{\"@type\":\"BreadcrumbList\",\"@id\":\"https:\/\/plaza-opera.ms.decms.eu\/en\/#breadcrumb\",\"itemListElement\":[{\"@type\":\"ListItem\",\"position\":1,\"name\":\"Home\",\"item\":\"https:\/\/plaza-opera.ms.decms.eu\/en\/\"},{\"@type\":\"ListItem\",\"position\":2,\"name\":\"The Plaza Op\u00e9ra Hotel\"}]},{\"@type\":\"WebSite\",\"@id\":\"https:\/\/plaza-opera.ms.decms.eu\/en\/#website\",\"url\":\"https:\/\/plaza-opera.ms.decms.eu\/en\/\",\"name\":\"Plaza Opera\",\"description\":\"\",\"potentialAction\":[{\"@type\":\"SearchAction\",\"target\":{\"@type\":\"EntryPoint\",\"urlTemplate\":\"https:\/\/plaza-opera.ms.decms.eu\/en\/?s={search_term_string}\"},\"query-input\":{\"@type\":\"PropertyValueSpecification\",\"valueRequired\":true,\"valueName\":\"search_term_string\"}}],\"inLanguage\":\"en-US\"}]}<\/script>\n<!-- \/ Yoast SEO plugin. -->","yoast_head_json":{"title":"H\u00f4tel Plaza Op\u00e9ra *** | H\u00f4tel Paris Op\u00e9ra | SITE OFFICIEL","robots":{"index":"index","follow":"follow","max-snippet":"max-snippet:-1","max-image-preview":"max-image-preview:large","max-video-preview":"max-video-preview:-1"},"canonical":"https:\/\/plaza-opera.ms.decms.eu\/en\/","og_locale":"en_US","og_type":"article","og_title":"H\u00f4tel Plaza Op\u00e9ra *** | H\u00f4tel Paris Op\u00e9ra | SITE OFFICIEL","og_description":"Located at the bottom of Rue de Maubeuge in Paris, near Notre-Dame-de-Lorette, our hotel is [&hellip;]","og_url":"https:\/\/plaza-opera.ms.decms.eu\/en\/","og_site_name":"Plaza Opera","article_modified_time":"2020-02-11T10:46:28+00:00","twitter_card":"summary_large_image","twitter_misc":{"Est. reading time":"1 minute"},"schema":{"@context":"https:\/\/schema.org","@graph":[{"@type":"WebPage","@id":"https:\/\/plaza-opera.ms.decms.eu\/en\/","url":"https:\/\/plaza-opera.ms.decms.eu\/en\/","name":"H\u00f4tel Plaza Op\u00e9ra *** | H\u00f4tel Paris Op\u00e9ra | SITE OFFICIEL","isPartOf":{"@id":"https:\/\/plaza-opera.ms.decms.eu\/en\/#website"},"datePublished":"2020-02-06T10:27:06+00:00","dateModified":"2020-02-11T10:46:28+00:00","breadcrumb":{"@id":"https:\/\/plaza-opera.ms.decms.eu\/en\/#breadcrumb"},"inLanguage":"en-US","potentialAction":[{"@type":"ReadAction","target":["https:\/\/plaza-opera.ms.decms.eu\/en\/"]}]},{"@type":"BreadcrumbList","@id":"https:\/\/plaza-opera.ms.decms.eu\/en\/#breadcrumb","itemListElement":[{"@type":"ListItem","position":1,"name":"Home","item":"https:\/\/plaza-opera.ms.decms.eu\/en\/"},{"@type":"ListItem","position":2,"name":"The Plaza Op\u00e9ra Hotel"}]},{"@type":"WebSite","@id":"https:\/\/plaza-opera.ms.decms.eu\/en\/#website","url":"https:\/\/plaza-opera.ms.decms.eu\/en\/","name":"Plaza Opera","description":"","potentialAction":[{"@type":"SearchAction","target":{"@type":"EntryPoint","urlTemplate":"https:\/\/plaza-opera.ms.decms.eu\/en\/?s={search_term_string}"},"query-input":{"@type":"PropertyValueSpecification","valueRequired":true,"valueName":"search_term_string"}}],"inLanguage":"en-US"}]}},"acf":[],"_links":{"self":[{"href":"https:\/\/plaza-opera.ms.decms.eu\/en\/wp-json\/wp\/v2\/pages\/3","targetHints":{"allow":["GET"]}}],"collection":[{"href":"https:\/\/plaza-opera.ms.decms.eu\/en\/wp-json\/wp\/v2\/pages"}],"about":[{"href":"https:\/\/plaza-opera.ms.decms.eu\/en\/wp-json\/wp\/v2\/types\/page"}],"author":[{"embeddable":true,"href":"https:\/\/plaza-opera.ms.decms.eu\/en\/wp-json\/wp\/v2\/users\/3"}],"replies":[{"embeddable":true,"href":"https:\/\/plaza-opera.ms.decms.eu\/en\/wp-json\/wp\/v2\/comments?post=3"}],"version-history":[{"count":0,"href":"https:\/\/plaza-opera.ms.decms.eu\/en\/wp-json\/wp\/v2\/pages\/3\/revisions"}],"wp:attachment":[{"href":"https:\/\/plaza-opera.ms.decms.eu\/en\/wp-json\/wp\/v2\/media?parent=3"}],"curies":[{"name":"wp","href":"https:\/\/api.w.org\/{rel}","templated":true}]}}