{"id":186,"date":"2020-02-11T10:35:22","date_gmt":"2020-02-11T10:35:22","guid":{"rendered":"http:\/\/plaza-opera.ms.decms.eu\/?page_id=186"},"modified":"2020-03-16T09:02:28","modified_gmt":"2020-03-16T09:02:28","slug":"legal-notice","status":"publish","type":"page","link":"https:\/\/plaza-opera.ms.decms.eu\/en\/legal-notice\/","title":{"rendered":"Legal notice"},"content":{"rendered":"<p><strong>I. INFORMATIONS \u00c9DITORIALES<\/strong><br \/>\nLe site Internet www.plaza-opera-paris.com (ci-apr\u00e8s d\u00e9sign\u00e9 le &#8220;Site&#8221;) est \u00e9dit\u00e9 par la soci\u00e9t\u00e9 HEVATEL (ci-apr\u00e8s d\u00e9sign\u00e9e &#8220;H\u00f4tel Plaza Op\u00e9ra&#8221;), soci\u00e9t\u00e9 par actions simplifi\u00e9e au capital social de 10 000,00 euros, enregistr\u00e9e au RCS de Paris sous le n\u00b0 479 970 998 et dont le si\u00e8ge social est 12 rue de Maubeuge &#8211; 75009 Paris, France<br \/>\nTel : +33 (0)1 45 26 97 71<br \/>\nN\u00b0 TVA INTRACOMMUNAUTAIRE : FR95 479 970 998<br \/>\nDirecteur de la publication : FHS Invest<br \/>\nL\u2019utilisation du Site par toute personne (ci-apr\u00e8s d\u00e9sign\u00e9 &#8220;l\u2019Utilisateur&#8221;) est r\u00e9gie par les pr\u00e9sentes conditions d\u2019utilisation (ci-apr\u00e8s d\u00e9sign\u00e9es les &#8220;Conditions d\u2019Utilisation&#8221;), lesquelles ont pour objet de d\u00e9finir les conditions d\u2019acc\u00e8s et d\u2019utilisation du Site.<br \/>\nLe Site pr\u00e9sente les services propos\u00e9s par l\u2019H\u00f4tel Plaza Op\u00e9ra au travers de ses activit\u00e9s d\u2019h\u00f4tellerie et de restauration, notamment en permettant aux Utilisateurs d\u2019adresser des questions \u00e0 l\u2019H\u00f4tel Plaza Op\u00e9ra via la rubrique &#8220;Contact&#8221; du Site et d\u2019effectuer des r\u00e9servations de s\u00e9jour en ligne.<\/p>\n<p><strong>II. PROPRI\u00c9T\u00c9 INTELLECTUELLE<\/strong><br \/>\nLe Site et chacun des \u00e9l\u00e9ments qui le composent, tels que les textes, arborescences, logiciels, animations, photographies, illustrations, images, sch\u00e9mas, bandes sonores, textes, logos, marques, dessins et mod\u00e8les, y compris les \u00e9l\u00e9ments logiciels utilis\u00e9s en liaison avec le Site (ci-apr\u00e8s le &#8220;Contenu&#8221;) peuvent contenir des informations confidentielles ou des informations prot\u00e9g\u00e9es par la l\u00e9gislation sur la propri\u00e9t\u00e9 intellectuelle ou tout autre loi applicable.<br \/>\nSauf indication contraire, les droits de propri\u00e9t\u00e9 intellectuelle sur le Contenu sont la propri\u00e9t\u00e9 exclusive de l\u2019H\u00f4tel Plaza Op\u00e9ra, celle-ci ne conc\u00e9dant aucune licence ni aucun autre droit que celui de consulter le Site.<br \/>\nLa reproduction de tout ou partie du Contenu publi\u00e9 sur le Site est autoris\u00e9e uniquement pour un usage personnel et priv\u00e9, toute reproduction et toute utilisation de copies du Contenu r\u00e9alis\u00e9es \u00e0 d\u2019autres fins, de quelque mani\u00e8re que ce soit et sous quelque forme que ce soit, \u00e9tant express\u00e9ment interdites.<br \/>\nIl est interdit \u00e0 l\u2019Utilisateur de copier, modifier, cr\u00e9er une \u0153uvre d\u00e9riv\u00e9e, assembler, d\u00e9compiler, c\u00e9der, sous-licencier ou transf\u00e9rer, de quelque mani\u00e8re que ce soit, tout \u00e9l\u00e9ment du Contenu ou du Site.<br \/>\nTout lien simple ou par hypertexte est strictement interdit sans un accord \u00e9crit expr\u00e8s de la soci\u00e9t\u00e9 H\u00f4tel Plaza Op\u00e9ra et devra \u00eatre retir\u00e9 \u00e0 premi\u00e8re demande de celle-ci.<\/p>\n<p><strong>III. RESPECT DE LA VIE PRIV\u00c9E ET DES DONN\u00c9ES PERSONNELLES<\/strong><br \/>\nL\u2019H\u00f4tel Plaza Op\u00e9ra veille \u00e0 la protection des donn\u00e9es personnelles des Utilisateurs conform\u00e9ment aux dispositions de la Loi. Informatique et Libert\u00e9s du 6 janvier 1978.<br \/>\nLe site a fait l&#8217;objet d&#8217;une d\u00e9claration \u00e0 la Commission Nationale de l&#8217;Informatique et des Libert\u00e9s (CNIL).<br \/>\n1. UTILISATION DES DONN\u00c9ES PERSONNELLES<br \/>\nLes donn\u00e9es \u00e0 caract\u00e8re personnel sur l\u2019utilisateur recueillies \u00e0 l\u2019occasion de l\u2019utilisation du site, notamment lors de la connexion au Site ou lorsque l\u2019utilisateur remplit un formulaire font l\u2019objet d\u2019un traitement informatique permettant une meilleure connaissance de l\u2019utilisateur et ce \u00e0 des fins de gestion commerciale, de prospection et de fid\u00e9lisation.<br \/>\nCes informations permettent, notamment \u00e0 la soci\u00e9t\u00e9 B18 d\u2019adresser \u00e0 l\u2019utilisateur des informations commerciales et des offres cibl\u00e9es ou des sondages en ligne afin de mieux cerner les besoins et profils des clients de l\u2019H\u00f4tel Plaza Op\u00e9ra.<br \/>\nConform\u00e9ment aux dispositions de la loi Informatique et Libert\u00e9, l\u2019internaute dispose d&#8217;un droit d&#8217;acc\u00e8s, de rectification et d\u2019opposition sur les donn\u00e9es le concernant.<br \/>\nConform\u00e9ment aux obligations l\u00e9gales, ces donn\u00e9es sont conserv\u00e9es selon des dur\u00e9es limit\u00e9es dans le temps, proportionnelles aux finalit\u00e9s pour lesquelles l\u2019utilisateur les a communiqu\u00e9es.<br \/>\nL\u2019exercice de ce droit peut se faire via le formulaire en ligne accessible via le lien \u00ab Contact \u00bb en bas de page ou \u00e0 l\u2019adresse suivante :<br \/>\nH\u00f4tel Plaza Op\u00e9ra &#8211; 6, rue Buffault &#8211; 75009 Paris, France<br \/>\n2. COOKIES<br \/>\nIl est rappel\u00e9 que pour faciliter la navigation de l\u2019Utilisateur et une meilleure fourniture du service par l\u2019H\u00f4tel Plaza Op\u00e9ra, certains fichiers appel\u00e9s \u00ab cookies \u00bb pourront \u00eatre enregistr\u00e9s sur l\u2019ordinateur de l\u2019Utilisateur lorsque ce dernier acc\u00e8de au service.<br \/>\nCes cookies \u00e9vitent \u00e0 l\u2019Utilisateur la saisie de ses donn\u00e9es lors de visites ult\u00e9rieures.<br \/>\nL\u2019Utilisateur est inform\u00e9 qu\u2019il a la possibilit\u00e9 de les neutraliser ou de les supprimer de son disque dur.<\/p>\n<p><strong>IV. RESPONSABILIT\u00c9<\/strong><br \/>\n1. LIMITATION DE RESPONSABILIT\u00c9<br \/>\nL\u2019H\u00f4tel Plaza Op\u00e9ra s\u2019efforce d\u2019assurer au mieux de ses moyens l\u2019exactitude et la mise \u00e0 jour des informations publi\u00e9es sur le Site. L\u2019H\u00f4tel Plaza Op\u00e9ra se r\u00e9serve le droit de modifier, \u00e0 tout moment et sans pr\u00e9avis, le Contenu du Site. Toutefois, l\u2019H\u00f4tel Plaza Op\u00e9ra ne peut garantir l\u2019exactitude, la pr\u00e9cision ou l\u2019exhaustivit\u00e9 du Contenu disponible sur le Site et invite l\u2019Utilisateur \u00e0 contacter l\u2019H\u00f4tel Plaza Op\u00e9ra directement.<br \/>\nL\u2019H\u00f4tel Plaza Op\u00e9ra ne ma\u00eetrise pas l\u2019ensemble des risques inh\u00e9rents li\u00e9s \u00e0 l\u2019utilisation d\u2019Internet et attire l\u2019attention des Utilisateurs sur l\u2019existence de risques potentiels inh\u00e9rents \u00e0 l\u2019utilisation du Site.<br \/>\nLa responsabilit\u00e9 de l\u2019\u00e9diteur ne saurait \u00eatre engag\u00e9e pour :<br \/>\n\u2022 Les dommages de toute nature, directs ou indirects, r\u00e9sultant de l&#8217;utilisation du Site et notamment de toute perte d&#8217;exploitation, de perte financi\u00e8re ou commerciale, de perte de programmes et\/ou de donn\u00e9es en particulier dans le syst\u00e8me d&#8217;information de l&#8217;utilisateur du Site<br \/>\n\u2022 Les dommages de toute nature, directs ou indirects r\u00e9sultant du contenu et\/ou de l&#8217;utilisation des sites internet li\u00e9s au Site<br \/>\n\u2022 L&#8217;impossibilit\u00e9 d&#8217;acc\u00e9der au Site et\/ou \u00e0 l&#8217;un des sites internet lui \u00e9tant li\u00e9.<br \/>\n\u2022 Les omissions et\/ou erreurs que pourrait contenir le Site<br \/>\n2. LIENS HYPERTEXTES<br \/>\nLe Site peut inclure des liens vers d\u2019autres sites web ou d\u2019autres sources Internet. L\u2019H\u00f4tel Plaza Op\u00e9ra n&#8217;a pas la ma\u00eetrise de ces sites et ces sources externes. De ce fait, l\u2019H\u00f4tel Plaza Op\u00e9ra ne peut \u00eatre tenu pour responsable de la mise \u00e0 disposition de ces sites et sources externes et d\u00e9cline toute responsabilit\u00e9 concernant le contenu, la publicit\u00e9, les produits, les services et tout autre \u00e9l\u00e9ment disponible sur ces derniers.<br \/>\nEn outre, l\u2019H\u00f4tel Plaza Op\u00e9ra ne peut \u00eatre tenue responsable de tous dommages ou pertes, av\u00e9r\u00e9s ou all\u00e9gu\u00e9s, cons\u00e9cutifs ou en relation avec l\u2019acc\u00e8s, l\u2019utilisation ou avec le fait d\u2019avoir fait confiance aux contenus, biens ou services disponibles sur ces sites ou sources externes.<br \/>\n3. RESPONSABILIT\u00c9 DE L&#8217;UTILISATEUR<br \/>\nL&#8217;utilisateur du pr\u00e9sent site est seul responsable de tout pr\u00e9judice direct ou indirect, mat\u00e9riel ou immat\u00e9riel caus\u00e9 \u00e0 l\u2019H\u00f4tel Plaza Op\u00e9ra et\/ou des tiers du fait de l\u2018utilisation ou de l\u2019exploitation du Site et garantit l\u2019\u00e9diteur des cons\u00e9quences des r\u00e9clamations ou actions dont il pourrait, de ce fait, faire l&#8217;objet.<br \/>\nL\u2019utilisateur renonce \u00e9galement \u00e0 exercer tout recours contre l\u2019\u00e9diteur dans le cas de poursuites diligent\u00e9es \u00e0 son encontre du fait de l\u2019utilisation et\/ou l\u2019exploitation du Site.<\/p>\n<p><strong>V. G\u00c9N\u00c9RALIT\u00c9S<\/strong><br \/>\n1. MODIFICATION<br \/>\nLes informations communiqu\u00e9es par l\u2019H\u00f4tel Plaza Op\u00e9ra communiqu\u00e9es sur le Site sont fournies \u00e0 titre indicatif et ne sauraient engager la responsabilit\u00e9 de l\u2019\u00e9diteur. Elles peuvent \u00eatre modifi\u00e9es ou mises \u00e0 jour sans pr\u00e9avis.<br \/>\nEn acc\u00e9dant et utilisant le Site, l\u2019Utilisateur est r\u00e9put\u00e9 avoir accept\u00e9 sans r\u00e9serve les Conditions d\u2019Utilisation et la Charte de Protection des Donn\u00e9es Personnelles de l\u2019H\u00f4tel Plaza Op\u00e9ra.<br \/>\n2. DROIT APPLICABLE ET JURIDICTION COMP\u00c9TENTE<br \/>\nLes Conditions d\u2019Utilisation sont r\u00e9gies par le droit fran\u00e7ais.<br \/>\nSauf disposition l\u00e9gale imp\u00e9rative contraire, tout diff\u00e9rend concernant le Contenu ou l\u2019utilisation du Site rel\u00e8ve de la comp\u00e9tence exclusive des tribunaux fran\u00e7ais.<br \/>\n3. H\u00c9BERGEMENT<br \/>\nSoci\u00e9t\u00e9 OVH, SAS, soci\u00e9t\u00e9 de droit fran\u00e7ais<br \/>\n2 rue Kellermann &#8211; 59100 Roubaix<br \/>\nInscrite au RCS de Roubaix au num\u00e9ro B424 761 419<\/p>\n<p>4. D\u00c9VELOPPEMENT DU SITE R\u00c9ALIS\u00c9 PAR<br \/>\nSoci\u00e9t\u00e9 D-EDGE SAS<br \/>\n14\/16, boulevard Poissonni\u00e8re &#8211; 75009 Paris<br \/>\nT\u00e9l. : +33 (0)1 44 71 05 05<\/p>\n<p>H\u00f4tel Plaza Op\u00e9ra<br \/>\n12 rue de Maubeuge &#8211; 75009 Paris<br \/>\nT\u00e9l. : +33 (0)1 45 26 97 71<br \/>\nEmail : plazaopera@yahoo.fr<br \/>\nSiret : 479 970 998 00023<\/p>\n<p>5. M\u00c9DIATEUR &#8211; R\u00c8GLEMENT DES LITIGES<br \/>\nConform\u00e9ment \u00e0 l\u2019article L. 156-1 du Code de la consommation, l&#8217;H\u00f4tel Plaza Op\u00e9ra propose \u00e0 ses clients un dispositif de m\u00e9diation de la consommation en adh\u00e9rant au syst\u00e8me de m\u00e9diation sectoriel, MTV \u2013 MEDIATION TOURISME ET VOYAGE.<\/p>\n<p>Apr\u00e8s avoir saisi le service clients de l&#8217;h\u00f4tel et \u00e0 d\u00e9faut de r\u00e9ponse satisfaisante dans un d\u00e9lai de 15 jours ouvr\u00e9s, le client peut saisir le M\u00e9diateur du Tourisme et du Voyage, dont les coordonn\u00e9es et modalit\u00e9s de saisine sont disponibles sur son site: www.mtv.travel<\/p>\n","protected":false},"excerpt":{"rendered":"<p>I. INFORMATIONS \u00c9DITORIALES Le site Internet www.plaza-opera-paris.com (ci-apr\u00e8s d\u00e9sign\u00e9 le &#8220;Site&#8221;) est \u00e9dit\u00e9 par la [&hellip;]<\/p>\n","protected":false},"author":3,"featured_media":0,"parent":0,"menu_order":80,"comment_status":"closed","ping_status":"closed","template":"","meta":{"footnotes":""},"class_list":["post-186","page","type-page","status-publish","hentry"],"yoast_head":"<!-- This site is optimized with the Yoast SEO plugin v26.9 - https:\/\/yoast.com\/product\/yoast-seo-wordpress\/ -->\n<title>Legal notice - Plaza Opera<\/title>\n<meta name=\"robots\" content=\"index, follow, max-snippet:-1, max-image-preview:large, max-video-preview:-1\" \/>\n<link rel=\"canonical\" href=\"https:\/\/plaza-opera.ms.decms.eu\/en\/legal-notice\/\" \/>\n<meta property=\"og:locale\" content=\"en_US\" \/>\n<meta property=\"og:type\" content=\"article\" \/>\n<meta property=\"og:title\" content=\"Legal notice - Plaza Opera\" \/>\n<meta property=\"og:description\" content=\"I. INFORMATIONS \u00c9DITORIALES Le site Internet www.plaza-opera-paris.com (ci-apr\u00e8s d\u00e9sign\u00e9 le &#8220;Site&#8221;) est \u00e9dit\u00e9 par la [&hellip;]\" \/>\n<meta property=\"og:url\" content=\"https:\/\/plaza-opera.ms.decms.eu\/en\/legal-notice\/\" \/>\n<meta property=\"og:site_name\" content=\"Plaza Opera\" \/>\n<meta property=\"article:modified_time\" content=\"2020-03-16T09:02:28+00:00\" \/>\n<meta name=\"twitter:card\" content=\"summary_large_image\" \/>\n<meta name=\"twitter:label1\" content=\"Est. reading time\" \/>\n\t<meta name=\"twitter:data1\" content=\"8 minutes\" \/>\n<script type=\"application\/ld+json\" class=\"yoast-schema-graph\">{\"@context\":\"https:\/\/schema.org\",\"@graph\":[{\"@type\":\"WebPage\",\"@id\":\"https:\/\/plaza-opera.ms.decms.eu\/en\/legal-notice\/\",\"url\":\"https:\/\/plaza-opera.ms.decms.eu\/en\/legal-notice\/\",\"name\":\"Legal notice - Plaza Opera\",\"isPartOf\":{\"@id\":\"https:\/\/plaza-opera.ms.decms.eu\/en\/#website\"},\"datePublished\":\"2020-02-11T10:35:22+00:00\",\"dateModified\":\"2020-03-16T09:02:28+00:00\",\"breadcrumb\":{\"@id\":\"https:\/\/plaza-opera.ms.decms.eu\/en\/legal-notice\/#breadcrumb\"},\"inLanguage\":\"en-US\",\"potentialAction\":[{\"@type\":\"ReadAction\",\"target\":[\"https:\/\/plaza-opera.ms.decms.eu\/en\/legal-notice\/\"]}]},{\"@type\":\"BreadcrumbList\",\"@id\":\"https:\/\/plaza-opera.ms.decms.eu\/en\/legal-notice\/#breadcrumb\",\"itemListElement\":[{\"@type\":\"ListItem\",\"position\":1,\"name\":\"Home\",\"item\":\"https:\/\/plaza-opera.ms.decms.eu\/en\/\"},{\"@type\":\"ListItem\",\"position\":2,\"name\":\"Legal notice\"}]},{\"@type\":\"WebSite\",\"@id\":\"https:\/\/plaza-opera.ms.decms.eu\/en\/#website\",\"url\":\"https:\/\/plaza-opera.ms.decms.eu\/en\/\",\"name\":\"Plaza Opera\",\"description\":\"\",\"potentialAction\":[{\"@type\":\"SearchAction\",\"target\":{\"@type\":\"EntryPoint\",\"urlTemplate\":\"https:\/\/plaza-opera.ms.decms.eu\/en\/?s={search_term_string}\"},\"query-input\":{\"@type\":\"PropertyValueSpecification\",\"valueRequired\":true,\"valueName\":\"search_term_string\"}}],\"inLanguage\":\"en-US\"}]}<\/script>\n<!-- \/ Yoast SEO plugin. -->","yoast_head_json":{"title":"Legal notice - Plaza Opera","robots":{"index":"index","follow":"follow","max-snippet":"max-snippet:-1","max-image-preview":"max-image-preview:large","max-video-preview":"max-video-preview:-1"},"canonical":"https:\/\/plaza-opera.ms.decms.eu\/en\/legal-notice\/","og_locale":"en_US","og_type":"article","og_title":"Legal notice - Plaza Opera","og_description":"I. INFORMATIONS \u00c9DITORIALES Le site Internet www.plaza-opera-paris.com (ci-apr\u00e8s d\u00e9sign\u00e9 le &#8220;Site&#8221;) est \u00e9dit\u00e9 par la [&hellip;]","og_url":"https:\/\/plaza-opera.ms.decms.eu\/en\/legal-notice\/","og_site_name":"Plaza Opera","article_modified_time":"2020-03-16T09:02:28+00:00","twitter_card":"summary_large_image","twitter_misc":{"Est. reading time":"8 minutes"},"schema":{"@context":"https:\/\/schema.org","@graph":[{"@type":"WebPage","@id":"https:\/\/plaza-opera.ms.decms.eu\/en\/legal-notice\/","url":"https:\/\/plaza-opera.ms.decms.eu\/en\/legal-notice\/","name":"Legal notice - Plaza Opera","isPartOf":{"@id":"https:\/\/plaza-opera.ms.decms.eu\/en\/#website"},"datePublished":"2020-02-11T10:35:22+00:00","dateModified":"2020-03-16T09:02:28+00:00","breadcrumb":{"@id":"https:\/\/plaza-opera.ms.decms.eu\/en\/legal-notice\/#breadcrumb"},"inLanguage":"en-US","potentialAction":[{"@type":"ReadAction","target":["https:\/\/plaza-opera.ms.decms.eu\/en\/legal-notice\/"]}]},{"@type":"BreadcrumbList","@id":"https:\/\/plaza-opera.ms.decms.eu\/en\/legal-notice\/#breadcrumb","itemListElement":[{"@type":"ListItem","position":1,"name":"Home","item":"https:\/\/plaza-opera.ms.decms.eu\/en\/"},{"@type":"ListItem","position":2,"name":"Legal notice"}]},{"@type":"WebSite","@id":"https:\/\/plaza-opera.ms.decms.eu\/en\/#website","url":"https:\/\/plaza-opera.ms.decms.eu\/en\/","name":"Plaza Opera","description":"","potentialAction":[{"@type":"SearchAction","target":{"@type":"EntryPoint","urlTemplate":"https:\/\/plaza-opera.ms.decms.eu\/en\/?s={search_term_string}"},"query-input":{"@type":"PropertyValueSpecification","valueRequired":true,"valueName":"search_term_string"}}],"inLanguage":"en-US"}]}},"acf":[],"_links":{"self":[{"href":"https:\/\/plaza-opera.ms.decms.eu\/en\/wp-json\/wp\/v2\/pages\/186","targetHints":{"allow":["GET"]}}],"collection":[{"href":"https:\/\/plaza-opera.ms.decms.eu\/en\/wp-json\/wp\/v2\/pages"}],"about":[{"href":"https:\/\/plaza-opera.ms.decms.eu\/en\/wp-json\/wp\/v2\/types\/page"}],"author":[{"embeddable":true,"href":"https:\/\/plaza-opera.ms.decms.eu\/en\/wp-json\/wp\/v2\/users\/3"}],"replies":[{"embeddable":true,"href":"https:\/\/plaza-opera.ms.decms.eu\/en\/wp-json\/wp\/v2\/comments?post=186"}],"version-history":[{"count":0,"href":"https:\/\/plaza-opera.ms.decms.eu\/en\/wp-json\/wp\/v2\/pages\/186\/revisions"}],"wp:attachment":[{"href":"https:\/\/plaza-opera.ms.decms.eu\/en\/wp-json\/wp\/v2\/media?parent=186"}],"curies":[{"name":"wp","href":"https:\/\/api.w.org\/{rel}","templated":true}]}}